{"id":2187,"date":"2023-01-05T15:32:58","date_gmt":"2023-01-05T15:32:58","guid":{"rendered":"https:\/\/balaguer.realizando.es\/?page_id=2187"},"modified":"2023-01-19T14:14:17","modified_gmt":"2023-01-19T14:14:17","slug":"noticias","status":"publish","type":"page","link":"https:\/\/www.balaguer-rolls.com\/es\/noticias\/","title":{"rendered":"Noticias"},"content":{"rendered":"\t\t<div data-elementor-type=\"wp-page\" data-elementor-id=\"2187\" class=\"elementor elementor-2187\" data-elementor-post-type=\"page\">\n\t\t\t\t\t\t<header class=\"elementor-section elementor-top-section elementor-element elementor-element-46de0694 elementor-section-content-middle sticky-header elementor-hidden-desktop elementor-section-height-min-height elementor-section-boxed elementor-section-height-default elementor-section-items-middle\" data-id=\"46de0694\" data-element_type=\"section\" data-settings=\"{&quot;background_background&quot;:&quot;classic&quot;,&quot;sticky&quot;:&quot;top&quot;,&quot;sticky_on&quot;:[&quot;tablet&quot;,&quot;mobile&quot;],&quot;sticky_effects_offset&quot;:90,&quot;sticky_effects_offset_tablet&quot;:90,&quot;sticky_effects_offset_mobile&quot;:0,&quot;sticky_offset&quot;:0}\">\n\t\t\t\t\t\t<div class=\"elementor-container elementor-column-gap-default\">\n\t\t\t\t\t<div class=\"elementor-column elementor-col-33 elementor-top-column elementor-element elementor-element-2fc16e8a\" data-id=\"2fc16e8a\" data-element_type=\"column\">\n\t\t\t<div class=\"elementor-widget-wrap elementor-element-populated\">\n\t\t\t\t\t\t<div class=\"elementor-element elementor-element-337bacbb elementor-widget elementor-widget-ekit-nav-menu\" data-id=\"337bacbb\" data-element_type=\"widget\" data-widget_type=\"ekit-nav-menu.default\">\n\t\t\t\t<div class=\"elementor-widget-container\">\n\t\t\t\t\t<div class=\"ekit-wid-con ekit_menu_responsive_tablet\" \n\t\t\tdata-hamburger-icon=\"\" \n\t\t\tdata-hamburger-icon-type=\"icon\" \n\t\t\tdata-responsive-breakpoint=\"1024\">\n\t\t\t\t\t<\/div>\n\t\t\t\t<\/div>\n\t\t\t\t<\/div>\n\t\t\t\t\t<\/div>\n\t\t<\/div>\n\t\t\t\t<div class=\"elementor-column elementor-col-33 elementor-top-column elementor-element elementor-element-30124806\" data-id=\"30124806\" data-element_type=\"column\">\n\t\t\t<div class=\"elementor-widget-wrap elementor-element-populated\">\n\t\t\t\t\t\t<div class=\"elementor-element elementor-element-4d8c9dd7 logo elementor-widget elementor-widget-theme-site-logo elementor-widget-image\" data-id=\"4d8c9dd7\" data-element_type=\"widget\" data-widget_type=\"theme-site-logo.default\">\n\t\t\t\t<div class=\"elementor-widget-container\">\n\t\t\t\t\t\t\t\t\t<a href=\"https:\/\/www.balaguer-rolls.com\/es\/\">\n\t\t\t<img fetchpriority=\"high\" decoding=\"async\" width=\"367\" height=\"367\" src=\"https:\/\/www.balaguer-rolls.com\/wp-content\/uploads\/2022\/12\/logo-web.png\" class=\"attachment-full size-full wp-image-7074\" alt=\"\" srcset=\"https:\/\/www.balaguer-rolls.com\/wp-content\/uploads\/2022\/12\/logo-web.png 367w, https:\/\/www.balaguer-rolls.com\/wp-content\/uploads\/2022\/12\/logo-web-300x300.png 300w, https:\/\/www.balaguer-rolls.com\/wp-content\/uploads\/2022\/12\/logo-web-150x150.png 150w\" sizes=\"(max-width: 367px) 100vw, 367px\" \/>\t\t\t\t<\/a>\n\t\t\t\t\t\t\t\t\t<\/div>\n\t\t\t\t<\/div>\n\t\t\t\t\t<\/div>\n\t\t<\/div>\n\t\t\t\t<div class=\"elementor-column elementor-col-33 elementor-top-column elementor-element elementor-element-1bac49ff\" data-id=\"1bac49ff\" data-element_type=\"column\">\n\t\t\t<div class=\"elementor-widget-wrap\">\n\t\t\t\t\t\t\t<\/div>\n\t\t<\/div>\n\t\t\t\t\t<\/div>\n\t\t<\/header>\n\t\t\t\t<section class=\"elementor-section elementor-top-section elementor-element elementor-element-644705c0 elementor-section-full_width elementor-section-height-min-height elementor-section-height-default elementor-section-items-middle\" data-id=\"644705c0\" data-element_type=\"section\" data-settings=\"{&quot;background_background&quot;:&quot;classic&quot;,&quot;background_motion_fx_opacity_effect&quot;:&quot;yes&quot;,&quot;background_motion_fx_opacity_range&quot;:{&quot;unit&quot;:&quot;%&quot;,&quot;size&quot;:&quot;&quot;,&quot;sizes&quot;:{&quot;start&quot;:&quot;51&quot;,&quot;end&quot;:&quot;76&quot;}},&quot;background_motion_fx_motion_fx_scrolling&quot;:&quot;yes&quot;,&quot;background_motion_fx_opacity_direction&quot;:&quot;in-out&quot;,&quot;background_motion_fx_opacity_level&quot;:{&quot;unit&quot;:&quot;px&quot;,&quot;size&quot;:10,&quot;sizes&quot;:[]},&quot;background_motion_fx_devices&quot;:[&quot;desktop&quot;,&quot;tablet&quot;,&quot;mobile&quot;]}\">\n\t\t\t\t\t\t\t<div class=\"elementor-background-overlay\"><\/div>\n\t\t\t\t\t\t\t<div class=\"elementor-container elementor-column-gap-default\">\n\t\t\t\t\t<div class=\"elementor-column elementor-col-100 elementor-top-column elementor-element elementor-element-950e63e\" data-id=\"950e63e\" data-element_type=\"column\">\n\t\t\t<div class=\"elementor-widget-wrap elementor-element-populated\">\n\t\t\t\t\t\t<div class=\"elementor-element elementor-element-1472f13d animated-slow elementor-invisible elementor-widget elementor-widget-heading\" data-id=\"1472f13d\" data-element_type=\"widget\" data-settings=\"{&quot;_animation&quot;:&quot;fadeInUp&quot;,&quot;_animation_delay&quot;:0}\" data-widget_type=\"heading.default\">\n\t\t\t\t<div class=\"elementor-widget-container\">\n\t\t\t<h2 class=\"elementor-heading-title elementor-size-default\">Noticias<\/h2>\t\t<\/div>\n\t\t\t\t<\/div>\n\t\t\t\t\t<\/div>\n\t\t<\/div>\n\t\t\t\t\t<\/div>\n\t\t<\/section>\n\t\t\t\t<section class=\"elementor-section elementor-top-section elementor-element elementor-element-b0a856a elementor-section-boxed elementor-section-height-default elementor-section-height-default\" data-id=\"b0a856a\" data-element_type=\"section\">\n\t\t\t\t\t\t<div class=\"elementor-container elementor-column-gap-default\">\n\t\t\t\t\t<div class=\"elementor-column elementor-col-100 elementor-top-column elementor-element elementor-element-523fc0b4\" data-id=\"523fc0b4\" data-element_type=\"column\">\n\t\t\t<div class=\"elementor-widget-wrap elementor-element-populated\">\n\t\t\t\t\t\t<div class=\"elementor-element elementor-element-59e8abd2 elementor-grid-3 elementor-grid-tablet-2 elementor-grid-mobile-1 elementor-posts--thumbnail-top elementor-card-shadow-yes elementor-posts__hover-gradient elementor-widget elementor-widget-posts\" data-id=\"59e8abd2\" data-element_type=\"widget\" data-settings=\"{&quot;pagination_type&quot;:&quot;numbers&quot;,&quot;cards_columns&quot;:&quot;3&quot;,&quot;cards_columns_tablet&quot;:&quot;2&quot;,&quot;cards_columns_mobile&quot;:&quot;1&quot;,&quot;cards_row_gap&quot;:{&quot;unit&quot;:&quot;px&quot;,&quot;size&quot;:35,&quot;sizes&quot;:[]},&quot;cards_row_gap_tablet&quot;:{&quot;unit&quot;:&quot;px&quot;,&quot;size&quot;:&quot;&quot;,&quot;sizes&quot;:[]},&quot;cards_row_gap_mobile&quot;:{&quot;unit&quot;:&quot;px&quot;,&quot;size&quot;:&quot;&quot;,&quot;sizes&quot;:[]}}\" data-widget_type=\"posts.cards\">\n\t\t\t\t<div class=\"elementor-widget-container\">\n\t\t\t\t\t<div class=\"elementor-posts-container elementor-posts elementor-posts--skin-cards elementor-grid\">\n\t\t\t\t<article class=\"elementor-post elementor-grid-item post-8572 post type-post status-publish format-standard has-post-thumbnail hentry category-noticias\">\n\t\t\t<div class=\"elementor-post__card\">\n\t\t\t\t<a class=\"elementor-post__thumbnail__link\" href=\"https:\/\/www.balaguer-rolls.com\/es\/rapidopro\/\" tabindex=\"-1\"><div class=\"elementor-post__thumbnail\"><img decoding=\"async\" width=\"1920\" height=\"1080\" src=\"https:\/\/www.balaguer-rolls.com\/wp-content\/uploads\/2024\/07\/Rapido-PRO.webp\" class=\"attachment-full size-full wp-image-8569\" alt=\"\" \/><\/div><\/a>\n\t\t\t\t<div class=\"elementor-post__badge\">Noticias<\/div>\n\t\t\t\t<div class=\"elementor-post__text\">\n\t\t\t\t<h3 class=\"elementor-post__title\">\n\t\t\t<a href=\"https:\/\/www.balaguer-rolls.com\/es\/rapidopro\/\">\n\t\t\t\tRapidoPro\t\t\t<\/a>\n\t\t<\/h3>\n\t\t\t\t<div class=\"elementor-post__excerpt\">\n\t\t\t<p>Estamos encantados de presentar Rapido PRO, la \u00faltima incorporaci\u00f3n de Fundiciones Balaguer en el campo de las rectificadoras y tornos para cilindros laminadores. Esta m\u00e1quina<\/p>\n\t\t<\/div>\n\t\t\n\t\t<a class=\"elementor-post__read-more\" href=\"https:\/\/www.balaguer-rolls.com\/es\/rapidopro\/\" aria-label=\"M\u00e1s informaci\u00f3n sobre RapidoPro\" tabindex=\"-1\">\n\t\t\tLeer m\u00e1s \u00bb\t\t<\/a>\n\n\t\t\t\t<\/div>\n\t\t\t\t<div class=\"elementor-post__meta-data\">\n\t\t\t\t\t<span class=\"elementor-post-date\">\n\t\t\t8 de julio de 2024\t\t<\/span>\n\t\t\t\t<\/div>\n\t\t\t\t\t<\/div>\n\t\t<\/article>\n\t\t\t\t<article class=\"elementor-post elementor-grid-item post-6761 post type-post status-publish format-standard has-post-thumbnail hentry category-eventos category-noticias\">\n\t\t\t<div class=\"elementor-post__card\">\n\t\t\t\t<a class=\"elementor-post__thumbnail__link\" href=\"https:\/\/www.balaguer-rolls.com\/es\/plantar-arboles-hoy-cultivar-un-manana-sostenible\/\" tabindex=\"-1\"><div class=\"elementor-post__thumbnail\"><img decoding=\"async\" width=\"2560\" height=\"1810\" src=\"https:\/\/www.balaguer-rolls.com\/wp-content\/uploads\/2024\/02\/ecommited-scaled.jpg\" class=\"attachment-full size-full wp-image-6759\" alt=\"\" srcset=\"https:\/\/www.balaguer-rolls.com\/wp-content\/uploads\/2024\/02\/ecommited-scaled.jpg 2560w, https:\/\/www.balaguer-rolls.com\/wp-content\/uploads\/2024\/02\/ecommited-300x212.jpg 300w, https:\/\/www.balaguer-rolls.com\/wp-content\/uploads\/2024\/02\/ecommited-1024x724.jpg 1024w, https:\/\/www.balaguer-rolls.com\/wp-content\/uploads\/2024\/02\/ecommited-768x543.jpg 768w, https:\/\/www.balaguer-rolls.com\/wp-content\/uploads\/2024\/02\/ecommited-1536x1086.jpg 1536w, https:\/\/www.balaguer-rolls.com\/wp-content\/uploads\/2024\/02\/ecommited-2048x1448.jpg 2048w\" sizes=\"(max-width: 2560px) 100vw, 2560px\" \/><\/div><\/a>\n\t\t\t\t<div class=\"elementor-post__badge\">Eventos<\/div>\n\t\t\t\t<div class=\"elementor-post__text\">\n\t\t\t\t<h3 class=\"elementor-post__title\">\n\t\t\t<a href=\"https:\/\/www.balaguer-rolls.com\/es\/plantar-arboles-hoy-cultivar-un-manana-sostenible\/\">\n\t\t\t\tPlantar \u00e1rboles hoy, cultivar un ma\u00f1ana sostenible.\t\t\t<\/a>\n\t\t<\/h3>\n\t\t\t\t<div class=\"elementor-post__excerpt\">\n\t\t\t<p>En Balaguer Rolls, estamos profundamente comprometidos con la sostenibilidad y la preservaci\u00f3n de nuestro planeta. En 2022, Espa\u00f1a hab\u00eda vivido su temporada de incendios m\u00e1s<\/p>\n\t\t<\/div>\n\t\t\n\t\t<a class=\"elementor-post__read-more\" href=\"https:\/\/www.balaguer-rolls.com\/es\/plantar-arboles-hoy-cultivar-un-manana-sostenible\/\" aria-label=\"M\u00e1s informaci\u00f3n sobre Plantar \u00e1rboles hoy, cultivar un ma\u00f1ana sostenible.\" tabindex=\"-1\">\n\t\t\tLeer m\u00e1s \u00bb\t\t<\/a>\n\n\t\t\t\t<\/div>\n\t\t\t\t<div class=\"elementor-post__meta-data\">\n\t\t\t\t\t<span class=\"elementor-post-date\">\n\t\t\t26 de febrero de 2024\t\t<\/span>\n\t\t\t\t<\/div>\n\t\t\t\t\t<\/div>\n\t\t<\/article>\n\t\t\t\t<article class=\"elementor-post elementor-grid-item post-6750 post type-post status-publish format-standard has-post-thumbnail hentry category-noticias\">\n\t\t\t<div class=\"elementor-post__card\">\n\t\t\t\t<a class=\"elementor-post__thumbnail__link\" href=\"https:\/\/www.balaguer-rolls.com\/es\/por-que-elegir-balaguer-rolls\/\" tabindex=\"-1\"><div class=\"elementor-post__thumbnail\"><img loading=\"lazy\" decoding=\"async\" width=\"1830\" height=\"991\" src=\"https:\/\/www.balaguer-rolls.com\/wp-content\/uploads\/2024\/02\/Captura-de-pantalla-2024-02-26-100240.png\" class=\"attachment-full size-full wp-image-6755\" alt=\"\" srcset=\"https:\/\/www.balaguer-rolls.com\/wp-content\/uploads\/2024\/02\/Captura-de-pantalla-2024-02-26-100240.png 1830w, https:\/\/www.balaguer-rolls.com\/wp-content\/uploads\/2024\/02\/Captura-de-pantalla-2024-02-26-100240-300x162.png 300w, https:\/\/www.balaguer-rolls.com\/wp-content\/uploads\/2024\/02\/Captura-de-pantalla-2024-02-26-100240-1024x555.png 1024w, https:\/\/www.balaguer-rolls.com\/wp-content\/uploads\/2024\/02\/Captura-de-pantalla-2024-02-26-100240-768x416.png 768w, https:\/\/www.balaguer-rolls.com\/wp-content\/uploads\/2024\/02\/Captura-de-pantalla-2024-02-26-100240-1536x832.png 1536w\" sizes=\"(max-width: 1830px) 100vw, 1830px\" \/><\/div><\/a>\n\t\t\t\t<div class=\"elementor-post__badge\">Noticias<\/div>\n\t\t\t\t<div class=\"elementor-post__text\">\n\t\t\t\t<h3 class=\"elementor-post__title\">\n\t\t\t<a href=\"https:\/\/www.balaguer-rolls.com\/es\/por-que-elegir-balaguer-rolls\/\">\n\t\t\t\t\u00bfPor qu\u00e9 elegir Balaguer Rolls?\t\t\t<\/a>\n\t\t<\/h3>\n\t\t\t\t<div class=\"elementor-post__excerpt\">\n\t\t\t<p>En Balaguer Rolls, nos enorgullece ofrecer a nuestros clientes los mejores cilindros del mercado, dise\u00f1ados para maximizar la eficiencia y elevar los beneficios de su<\/p>\n\t\t<\/div>\n\t\t\n\t\t<a class=\"elementor-post__read-more\" href=\"https:\/\/www.balaguer-rolls.com\/es\/por-que-elegir-balaguer-rolls\/\" aria-label=\"M\u00e1s informaci\u00f3n sobre \u00bfPor qu\u00e9 elegir Balaguer Rolls?\" tabindex=\"-1\">\n\t\t\tLeer m\u00e1s \u00bb\t\t<\/a>\n\n\t\t\t\t<\/div>\n\t\t\t\t<div class=\"elementor-post__meta-data\">\n\t\t\t\t\t<span class=\"elementor-post-date\">\n\t\t\t26 de febrero de 2024\t\t<\/span>\n\t\t\t\t<\/div>\n\t\t\t\t\t<\/div>\n\t\t<\/article>\n\t\t\t\t<article class=\"elementor-post elementor-grid-item post-5818 post type-post status-publish format-standard has-post-thumbnail hentry category-noticias category-campanas\">\n\t\t\t<div class=\"elementor-post__card\">\n\t\t\t\t<a class=\"elementor-post__thumbnail__link\" href=\"https:\/\/www.balaguer-rolls.com\/es\/bbr-balaguer-bainitic-roll\/\" tabindex=\"-1\"><div class=\"elementor-post__thumbnail\"><img loading=\"lazy\" decoding=\"async\" width=\"1920\" height=\"1080\" src=\"https:\/\/www.balaguer-rolls.com\/wp-content\/uploads\/2023\/12\/BBR_RRSS.jpg\" class=\"attachment-full size-full wp-image-5819\" alt=\"\" srcset=\"https:\/\/www.balaguer-rolls.com\/wp-content\/uploads\/2023\/12\/BBR_RRSS.jpg 1920w, https:\/\/www.balaguer-rolls.com\/wp-content\/uploads\/2023\/12\/BBR_RRSS-300x169.jpg 300w, https:\/\/www.balaguer-rolls.com\/wp-content\/uploads\/2023\/12\/BBR_RRSS-1024x576.jpg 1024w, https:\/\/www.balaguer-rolls.com\/wp-content\/uploads\/2023\/12\/BBR_RRSS-768x432.jpg 768w, https:\/\/www.balaguer-rolls.com\/wp-content\/uploads\/2023\/12\/BBR_RRSS-1536x864.jpg 1536w\" sizes=\"(max-width: 1920px) 100vw, 1920px\" \/><\/div><\/a>\n\t\t\t\t<div class=\"elementor-post__badge\">Noticias<\/div>\n\t\t\t\t<div class=\"elementor-post__text\">\n\t\t\t\t<h3 class=\"elementor-post__title\">\n\t\t\t<a href=\"https:\/\/www.balaguer-rolls.com\/es\/bbr-balaguer-bainitic-roll\/\">\n\t\t\t\tBBR- Balaguer Bainitic Roll\t\t\t<\/a>\n\t\t<\/h3>\n\t\t\t\t<div class=\"elementor-post__excerpt\">\n\t\t\t<p>El nuevo cilindro para aceite BBR de Balaguer Rolls proporciona una notoria disminuci\u00f3n de costes de mantenimiento gracias a su alta resistencia al desgaste, reduciendo<\/p>\n\t\t<\/div>\n\t\t\n\t\t<a class=\"elementor-post__read-more\" href=\"https:\/\/www.balaguer-rolls.com\/es\/bbr-balaguer-bainitic-roll\/\" aria-label=\"M\u00e1s informaci\u00f3n sobre BBR- Balaguer Bainitic Roll\" tabindex=\"-1\">\n\t\t\tLeer m\u00e1s \u00bb\t\t<\/a>\n\n\t\t\t\t<\/div>\n\t\t\t\t<div class=\"elementor-post__meta-data\">\n\t\t\t\t\t<span class=\"elementor-post-date\">\n\t\t\t5 de diciembre de 2023\t\t<\/span>\n\t\t\t\t<\/div>\n\t\t\t\t\t<\/div>\n\t\t<\/article>\n\t\t\t\t<article class=\"elementor-post elementor-grid-item post-4928 post type-post status-publish format-standard has-post-thumbnail hentry category-noticias\">\n\t\t\t<div class=\"elementor-post__card\">\n\t\t\t\t<a class=\"elementor-post__thumbnail__link\" href=\"https:\/\/www.balaguer-rolls.com\/es\/4928\/\" tabindex=\"-1\"><div class=\"elementor-post__thumbnail\"><img loading=\"lazy\" decoding=\"async\" width=\"1183\" height=\"615\" src=\"https:\/\/www.balaguer-rolls.com\/wp-content\/uploads\/2023\/08\/ivace.jpg\" class=\"attachment-full size-full wp-image-4931\" alt=\"\" srcset=\"https:\/\/www.balaguer-rolls.com\/wp-content\/uploads\/2023\/08\/ivace.jpg 1183w, https:\/\/www.balaguer-rolls.com\/wp-content\/uploads\/2023\/08\/ivace-300x156.jpg 300w, https:\/\/www.balaguer-rolls.com\/wp-content\/uploads\/2023\/08\/ivace-1024x532.jpg 1024w, https:\/\/www.balaguer-rolls.com\/wp-content\/uploads\/2023\/08\/ivace-768x399.jpg 768w\" sizes=\"(max-width: 1183px) 100vw, 1183px\" \/><\/div><\/a>\n\t\t\t\t<div class=\"elementor-post__badge\">Noticias<\/div>\n\t\t\t\t<div class=\"elementor-post__text\">\n\t\t\t\t<h3 class=\"elementor-post__title\">\n\t\t\t<a href=\"https:\/\/www.balaguer-rolls.com\/es\/4928\/\">\n\t\t\t\tIVACE\t\t\t<\/a>\n\t\t<\/h3>\n\t\t\t\t<div class=\"elementor-post__excerpt\">\n\t\t\t<p>FUNDICIONES BALAGUER SAes una empresa especializada en la fabricaci\u00f3n de cilindros centrifugados templados destinados a la industria alimentaria.El objeto principal de la misma, seg\u00fan las<\/p>\n\t\t<\/div>\n\t\t\n\t\t<a class=\"elementor-post__read-more\" href=\"https:\/\/www.balaguer-rolls.com\/es\/4928\/\" aria-label=\"M\u00e1s informaci\u00f3n sobre IVACE\" tabindex=\"-1\">\n\t\t\tLeer m\u00e1s \u00bb\t\t<\/a>\n\n\t\t\t\t<\/div>\n\t\t\t\t<div class=\"elementor-post__meta-data\">\n\t\t\t\t\t<span class=\"elementor-post-date\">\n\t\t\t30 de agosto de 2023\t\t<\/span>\n\t\t\t\t<\/div>\n\t\t\t\t\t<\/div>\n\t\t<\/article>\n\t\t\t\t<article class=\"elementor-post elementor-grid-item post-4919 post type-post status-publish format-standard has-post-thumbnail hentry category-sin-categorizar-es\">\n\t\t\t<div class=\"elementor-post__card\">\n\t\t\t\t<a class=\"elementor-post__thumbnail__link\" href=\"https:\/\/www.balaguer-rolls.com\/es\/technical-training-on-edible-oilseed-crushing\/\" tabindex=\"-1\"><div class=\"elementor-post__thumbnail\"><img loading=\"lazy\" decoding=\"async\" width=\"2560\" height=\"1440\" src=\"https:\/\/www.balaguer-rolls.com\/wp-content\/uploads\/2023\/07\/RRSS-scaled.jpg\" class=\"attachment-full size-full wp-image-4917\" alt=\"\" srcset=\"https:\/\/www.balaguer-rolls.com\/wp-content\/uploads\/2023\/07\/RRSS-scaled.jpg 2560w, https:\/\/www.balaguer-rolls.com\/wp-content\/uploads\/2023\/07\/RRSS-300x169.jpg 300w, https:\/\/www.balaguer-rolls.com\/wp-content\/uploads\/2023\/07\/RRSS-1024x576.jpg 1024w, https:\/\/www.balaguer-rolls.com\/wp-content\/uploads\/2023\/07\/RRSS-768x432.jpg 768w, https:\/\/www.balaguer-rolls.com\/wp-content\/uploads\/2023\/07\/RRSS-1536x864.jpg 1536w, https:\/\/www.balaguer-rolls.com\/wp-content\/uploads\/2023\/07\/RRSS-2048x1152.jpg 2048w\" sizes=\"(max-width: 2560px) 100vw, 2560px\" \/><\/div><\/a>\n\t\t\t\t<div class=\"elementor-post__badge\">sin categorizar<\/div>\n\t\t\t\t<div class=\"elementor-post__text\">\n\t\t\t\t<h3 class=\"elementor-post__title\">\n\t\t\t<a href=\"https:\/\/www.balaguer-rolls.com\/es\/technical-training-on-edible-oilseed-crushing\/\">\n\t\t\t\tTECHNICAL TRAINING ON EDIBLE OILSEED CRUSHING\t\t\t<\/a>\n\t\t<\/h3>\n\t\t\t\t<div class=\"elementor-post__excerpt\">\n\t\t\t<p>We are pleased to announce the upcoming technical training on edible oilseed crushing! From September 29th to 30th, we will bring together industry experts to<\/p>\n\t\t<\/div>\n\t\t\n\t\t<a class=\"elementor-post__read-more\" href=\"https:\/\/www.balaguer-rolls.com\/es\/technical-training-on-edible-oilseed-crushing\/\" aria-label=\"M\u00e1s informaci\u00f3n sobre TECHNICAL TRAINING ON EDIBLE OILSEED CRUSHING\" tabindex=\"-1\">\n\t\t\tLeer m\u00e1s \u00bb\t\t<\/a>\n\n\t\t\t\t<\/div>\n\t\t\t\t<div class=\"elementor-post__meta-data\">\n\t\t\t\t\t<span class=\"elementor-post-date\">\n\t\t\t5 de julio de 2023\t\t<\/span>\n\t\t\t\t<\/div>\n\t\t\t\t\t<\/div>\n\t\t<\/article>\n\t\t\t\t<\/div>\n\t\t\n\t\t\t\t<div class=\"e-load-more-anchor\" data-page=\"1\" data-max-page=\"5\" data-next-page=\"https:\/\/www.balaguer-rolls.com\/es\/noticias\/2\/\"><\/div>\n\t\t\t\t<nav class=\"elementor-pagination\" aria-label=\"Paginaci\u00f3n\">\n\t\t\t<span aria-current=\"page\" class=\"page-numbers current\"><span class=\"elementor-screen-only\">P\u00e1gina<\/span>1<\/span>\n<a class=\"page-numbers\" href=\"https:\/\/www.balaguer-rolls.com\/es\/noticias\/2\/\"><span class=\"elementor-screen-only\">P\u00e1gina<\/span>2<\/a>\n<a class=\"page-numbers\" href=\"https:\/\/www.balaguer-rolls.com\/es\/noticias\/3\/\"><span class=\"elementor-screen-only\">P\u00e1gina<\/span>3<\/a>\n<a class=\"page-numbers\" href=\"https:\/\/www.balaguer-rolls.com\/es\/noticias\/4\/\"><span class=\"elementor-screen-only\">P\u00e1gina<\/span>4<\/a>\n<a class=\"page-numbers\" href=\"https:\/\/www.balaguer-rolls.com\/es\/noticias\/5\/\"><span class=\"elementor-screen-only\">P\u00e1gina<\/span>5<\/a>\t\t<\/nav>\n\t\t\t\t<\/div>\n\t\t\t\t<\/div>\n\t\t\t\t\t<\/div>\n\t\t<\/div>\n\t\t\t\t\t<\/div>\n\t\t<\/section>\n\t\t\t\t<\/div>\n\t\t","protected":false},"excerpt":{"rendered":"<p>Noticias<\/p>\n","protected":false},"author":1,"featured_media":0,"parent":0,"menu_order":0,"comment_status":"closed","ping_status":"closed","template":"","meta":{"rank_math_lock_modified_date":false,"_monsterinsights_skip_tracking":false,"_monsterinsights_sitenote_active":false,"_monsterinsights_sitenote_note":"","_monsterinsights_sitenote_category":0,"footnotes":""},"class_list":["post-2187","page","type-page","status-publish","hentry"],"_links":{"self":[{"href":"https:\/\/www.balaguer-rolls.com\/es\/wp-json\/wp\/v2\/pages\/2187"}],"collection":[{"href":"https:\/\/www.balaguer-rolls.com\/es\/wp-json\/wp\/v2\/pages"}],"about":[{"href":"https:\/\/www.balaguer-rolls.com\/es\/wp-json\/wp\/v2\/types\/page"}],"author":[{"embeddable":true,"href":"https:\/\/www.balaguer-rolls.com\/es\/wp-json\/wp\/v2\/users\/1"}],"replies":[{"embeddable":true,"href":"https:\/\/www.balaguer-rolls.com\/es\/wp-json\/wp\/v2\/comments?post=2187"}],"version-history":[{"count":11,"href":"https:\/\/www.balaguer-rolls.com\/es\/wp-json\/wp\/v2\/pages\/2187\/revisions"}],"predecessor-version":[{"id":3753,"href":"https:\/\/www.balaguer-rolls.com\/es\/wp-json\/wp\/v2\/pages\/2187\/revisions\/3753"}],"wp:attachment":[{"href":"https:\/\/www.balaguer-rolls.com\/es\/wp-json\/wp\/v2\/media?parent=2187"}],"curies":[{"name":"wp","href":"https:\/\/api.w.org\/{rel}","templated":true}]}}