{"id":3073,"date":"2023-01-05T11:13:42","date_gmt":"2023-01-05T11:13:42","guid":{"rendered":"https:\/\/balaguer.realizando.es\/qualite\/"},"modified":"2023-03-16T16:34:52","modified_gmt":"2023-03-16T16:34:52","slug":"innovation-et-qualite","status":"publish","type":"page","link":"https:\/\/www.balaguer-rolls.com\/fr\/innovation-et-qualite\/","title":{"rendered":"Qualit\u00e9"},"content":{"rendered":"\t\t<div data-elementor-type=\"wp-page\" data-elementor-id=\"3073\" class=\"elementor elementor-3073 elementor-2045\" data-elementor-post-type=\"page\">\n\t\t\t\t\t\t<section class=\"elementor-section elementor-top-section elementor-element elementor-element-182c8740 elementor-section-boxed elementor-section-height-default elementor-section-height-default\" data-id=\"182c8740\" data-element_type=\"section\">\n\t\t\t\t\t\t<div class=\"elementor-container elementor-column-gap-default\">\n\t\t\t\t\t<div class=\"elementor-column elementor-col-50 elementor-top-column elementor-element elementor-element-70b5d8d9\" data-id=\"70b5d8d9\" data-element_type=\"column\">\n\t\t\t<div class=\"elementor-widget-wrap elementor-element-populated\">\n\t\t\t\t\t\t<section class=\"elementor-section elementor-inner-section elementor-element elementor-element-576ea5c5 elementor-section-boxed elementor-section-height-default elementor-section-height-default\" data-id=\"576ea5c5\" data-element_type=\"section\">\n\t\t\t\t\t\t<div class=\"elementor-container elementor-column-gap-default\">\n\t\t\t\t\t<div class=\"elementor-column elementor-col-100 elementor-inner-column elementor-element elementor-element-368e30ac hero-slider__item\" data-id=\"368e30ac\" data-element_type=\"column\">\n\t\t\t<div class=\"elementor-widget-wrap elementor-element-populated\">\n\t\t\t\t\t\t<div class=\"elementor-element elementor-element-7a67f067 animated-slow elementor-invisible elementor-widget elementor-widget-heading\" data-id=\"7a67f067\" data-element_type=\"widget\" data-settings=\"{&quot;_animation&quot;:&quot;fadeInDown&quot;}\" data-widget_type=\"heading.default\">\n\t\t\t\t<div class=\"elementor-widget-container\">\n\t\t\t<h1 class=\"elementor-heading-title elementor-size-default\">innovation et qualit\u00e9\n<\/h1>\t\t<\/div>\n\t\t\t\t<\/div>\n\t\t\t\t<div class=\"elementor-element elementor-element-289ceb1e animated-slow elementor-invisible elementor-widget elementor-widget-text-editor\" data-id=\"289ceb1e\" data-element_type=\"widget\" data-settings=\"{&quot;_animation&quot;:&quot;fadeInUp&quot;}\" data-widget_type=\"text-editor.default\">\n\t\t\t\t<div class=\"elementor-widget-container\">\n\t\t\t\t\t\t\t<p>Chez Balaguer Rolls, nous fabriquons des cylindres soumis \u00e0 de grands contr\u00f4les de qualit\u00e9 \u00e0 chaque \u00e9tape du processus de production pour qu\u2019ils soient conformes aux attentes de nos clients. Pour cela nous soignons la duret\u00e9, la zone tremp\u00e9e ou encore la pr\u00e9sentation et protection de ces derniers. Pour obtenir ces cylindres de qualit\u00e9, nous utilisons des \u00e9quipements qui sont les plus performants et pr\u00e9cis du march\u00e9.<\/p>\n\t\t\t\t\t\t<\/div>\n\t\t\t\t<\/div>\n\t\t\t\t\t<\/div>\n\t\t<\/div>\n\t\t\t\t\t<\/div>\n\t\t<\/section>\n\t\t\t\t\t<\/div>\n\t\t<\/div>\n\t\t\t\t<div class=\"elementor-column elementor-col-50 elementor-top-column elementor-element elementor-element-302dd061\" data-id=\"302dd061\" data-element_type=\"column\">\n\t\t\t<div class=\"elementor-widget-wrap elementor-element-populated\">\n\t\t\t\t\t\t<div class=\"elementor-element elementor-element-5848ae02 animated-slow elementor-pagination-position-outside elementor-invisible elementor-widget elementor-widget-image-carousel\" data-id=\"5848ae02\" data-element_type=\"widget\" data-settings=\"{&quot;slides_to_show&quot;:&quot;1&quot;,&quot;navigation&quot;:&quot;dots&quot;,&quot;lazyload&quot;:&quot;yes&quot;,&quot;speed&quot;:800,&quot;_animation&quot;:&quot;fadeIn&quot;,&quot;_animation_delay&quot;:50,&quot;autoplay&quot;:&quot;no&quot;,&quot;infinite&quot;:&quot;yes&quot;,&quot;effect&quot;:&quot;slide&quot;}\" data-widget_type=\"image-carousel.default\">\n\t\t\t\t<div class=\"elementor-widget-container\">\n\t\t\t\t\t<div class=\"elementor-image-carousel-wrapper swiper\" dir=\"ltr\">\n\t\t\t<div class=\"elementor-image-carousel swiper-wrapper\" aria-live=\"polite\">\n\t\t\t\t\t\t\t\t<div class=\"swiper-slide\" role=\"group\" aria-roledescription=\"slide\" aria-label=\"1 sur 2\"><figure class=\"swiper-slide-inner\"><img class=\"swiper-slide-image swiper-lazy\" data-src=\"https:\/\/www.balaguer-rolls.com\/wp-content\/uploads\/2023\/01\/innovacion-balaguer-rolls.webp\" alt=\"Innovaci\u00f3n y calidad - Fundiciones Balaguer Rolls\" \/><div class=\"swiper-lazy-preloader\"><\/div><\/figure><\/div><div class=\"swiper-slide\" role=\"group\" aria-roledescription=\"slide\" aria-label=\"2 sur 2\"><figure class=\"swiper-slide-inner\"><img class=\"swiper-slide-image swiper-lazy\" data-src=\"https:\/\/www.balaguer-rolls.com\/wp-content\/uploads\/2023\/01\/innovacion-y-calidad-balaguer-rolls.webp\" alt=\"Innovaci\u00f3n y calidad - Fundiciones Balaguer Rolls\" \/><div class=\"swiper-lazy-preloader\"><\/div><\/figure><\/div>\t\t\t<\/div>\n\t\t\t\t\t\t\t\n\t\t\t\t\t\t\t\t\t<div class=\"swiper-pagination\"><\/div>\n\t\t\t\t\t\t\t\t\t<\/div>\n\t\t\t\t<\/div>\n\t\t\t\t<\/div>\n\t\t\t\t\t<\/div>\n\t\t<\/div>\n\t\t\t\t\t<\/div>\n\t\t<\/section>\n\t\t\t\t<section class=\"elementor-section elementor-top-section elementor-element elementor-element-3aed1b06 elementor-section-boxed elementor-section-height-default elementor-section-height-default\" data-id=\"3aed1b06\" data-element_type=\"section\">\n\t\t\t\t\t\t<div class=\"elementor-container elementor-column-gap-default\">\n\t\t\t\t\t<div class=\"elementor-column elementor-col-50 elementor-top-column elementor-element elementor-element-60eaa4e7\" data-id=\"60eaa4e7\" data-element_type=\"column\">\n\t\t\t<div class=\"elementor-widget-wrap elementor-element-populated\">\n\t\t\t\t\t\t<section class=\"elementor-section elementor-inner-section elementor-element elementor-element-6a1490b3 elementor-section-boxed elementor-section-height-default elementor-section-height-default\" data-id=\"6a1490b3\" data-element_type=\"section\">\n\t\t\t\t\t\t<div class=\"elementor-container elementor-column-gap-default\">\n\t\t\t\t\t<div class=\"elementor-column elementor-col-100 elementor-inner-column elementor-element elementor-element-14a5b4d5\" data-id=\"14a5b4d5\" data-element_type=\"column\">\n\t\t\t<div class=\"elementor-widget-wrap elementor-element-populated\">\n\t\t\t\t\t\t<div class=\"elementor-element elementor-element-13ebce3 animated-slow elementor-invisible elementor-widget elementor-widget-heading\" data-id=\"13ebce3\" data-element_type=\"widget\" data-settings=\"{&quot;_animation&quot;:&quot;fadeInDown&quot;}\" data-widget_type=\"heading.default\">\n\t\t\t\t<div class=\"elementor-widget-container\">\n\t\t\t<h2 class=\"elementor-heading-title elementor-size-default\">Le contr\u00f4le de qualit\u00e9<\/h2>\t\t<\/div>\n\t\t\t\t<\/div>\n\t\t\t\t<div class=\"elementor-element elementor-element-1d8fa080 animated-slow elementor-invisible elementor-widget elementor-widget-text-editor\" data-id=\"1d8fa080\" data-element_type=\"widget\" data-settings=\"{&quot;_animation&quot;:&quot;fadeInUp&quot;}\" data-widget_type=\"text-editor.default\">\n\t\t\t\t<div class=\"elementor-widget-container\">\n\t\t\t\t\t\t\t<p>Pour Balaguer Rolls le contr\u00f4le de qualit\u00e9 constitue un v\u00e9ritable enjeu. Ainsi, nous toute l\u2019\u00e9quipe de Balaguer se voue \u00e0 r\u00e9aliser ces contr\u00f4les afin de permettre une am\u00e9lioration continue qui assure la satisfaction du client.<\/p>\n<p>Gr\u00e2ce \u00e0 nos professionnels impliqu\u00e9s par la qualit\u00e9 et avec des outils \u00e0 la pointe de la technologie, nous pouvons chez Balaguer Rolls proposer des solutions personnalis\u00e9es en sachant pr\u00e9cis\u00e9ment les besoins de chaque client mais aussi lui garantir des cylindres qui sont \u00e0 la fois pr\u00e9cis et durables.<\/p>\n\t\t\t\t\t\t<\/div>\n\t\t\t\t<\/div>\n\t\t\t\t\t<\/div>\n\t\t<\/div>\n\t\t\t\t\t<\/div>\n\t\t<\/section>\n\t\t\t\t\t<\/div>\n\t\t<\/div>\n\t\t\t\t<div class=\"elementor-column elementor-col-50 elementor-top-column elementor-element elementor-element-45ee41e1\" data-id=\"45ee41e1\" data-element_type=\"column\">\n\t\t\t<div class=\"elementor-widget-wrap elementor-element-populated\">\n\t\t\t\t\t\t<div class=\"elementor-element elementor-element-2ddcb005 animated-slow elementor-pagination-position-outside elementor-invisible elementor-widget elementor-widget-image-carousel\" data-id=\"2ddcb005\" data-element_type=\"widget\" data-settings=\"{&quot;slides_to_show&quot;:&quot;1&quot;,&quot;navigation&quot;:&quot;dots&quot;,&quot;lazyload&quot;:&quot;yes&quot;,&quot;speed&quot;:800,&quot;_animation&quot;:&quot;fadeIn&quot;,&quot;_animation_delay&quot;:50,&quot;autoplay&quot;:&quot;no&quot;,&quot;infinite&quot;:&quot;yes&quot;,&quot;effect&quot;:&quot;slide&quot;}\" data-widget_type=\"image-carousel.default\">\n\t\t\t\t<div class=\"elementor-widget-container\">\n\t\t\t\t\t<div class=\"elementor-image-carousel-wrapper swiper\" dir=\"ltr\">\n\t\t\t<div class=\"elementor-image-carousel swiper-wrapper\" aria-live=\"polite\">\n\t\t\t\t\t\t\t\t<div class=\"swiper-slide\" role=\"group\" aria-roledescription=\"slide\" aria-label=\"1 sur 3\"><figure class=\"swiper-slide-inner\"><img class=\"swiper-slide-image swiper-lazy\" data-src=\"https:\/\/www.balaguer-rolls.com\/wp-content\/uploads\/2023\/01\/precision-y-durabilidad-de-los-cilindros-de-balaguer-rolls.webp\" alt=\"Precisi\u00f3n y durabilidad de los cilindros en Fundiciones Balaguer Rolls\" \/><div class=\"swiper-lazy-preloader\"><\/div><\/figure><\/div><div class=\"swiper-slide\" role=\"group\" aria-roledescription=\"slide\" aria-label=\"2 sur 3\"><figure class=\"swiper-slide-inner\"><img class=\"swiper-slide-image swiper-lazy\" data-src=\"https:\/\/www.balaguer-rolls.com\/wp-content\/uploads\/2023\/01\/equipo-humano-en-el-proceso-de-calidad-dentro-de-balaguer-rolls.webp\" alt=\"Equipo humano en el proceso de calidad dentro de Balaguer Rolls\" \/><div class=\"swiper-lazy-preloader\"><\/div><\/figure><\/div><div class=\"swiper-slide\" role=\"group\" aria-roledescription=\"slide\" aria-label=\"3 sur 3\"><figure class=\"swiper-slide-inner\"><img class=\"swiper-slide-image swiper-lazy\" data-src=\"https:\/\/www.balaguer-rolls.com\/wp-content\/uploads\/2023\/01\/control-de-calidad-balaguer-rolls.webp\" alt=\"Control de calidad dentro de Balaguer Rolls\" \/><div class=\"swiper-lazy-preloader\"><\/div><\/figure><\/div>\t\t\t<\/div>\n\t\t\t\t\t\t\t\n\t\t\t\t\t\t\t\t\t<div class=\"swiper-pagination\"><\/div>\n\t\t\t\t\t\t\t\t\t<\/div>\n\t\t\t\t<\/div>\n\t\t\t\t<\/div>\n\t\t\t\t\t<\/div>\n\t\t<\/div>\n\t\t\t\t\t<\/div>\n\t\t<\/section>\n\t\t\t\t<section class=\"elementor-section elementor-top-section elementor-element elementor-element-6f00e0c1 elementor-section-boxed elementor-section-height-default elementor-section-height-default\" data-id=\"6f00e0c1\" data-element_type=\"section\">\n\t\t\t\t\t\t<div class=\"elementor-container elementor-column-gap-default\">\n\t\t\t\t\t<div class=\"elementor-column elementor-col-50 elementor-top-column elementor-element elementor-element-50a90728\" data-id=\"50a90728\" data-element_type=\"column\">\n\t\t\t<div class=\"elementor-widget-wrap elementor-element-populated\">\n\t\t\t\t\t\t<section class=\"elementor-section elementor-inner-section elementor-element elementor-element-7d537236 elementor-section-boxed elementor-section-height-default elementor-section-height-default\" data-id=\"7d537236\" data-element_type=\"section\">\n\t\t\t\t\t\t<div class=\"elementor-container elementor-column-gap-default\">\n\t\t\t\t\t<div class=\"elementor-column elementor-col-100 elementor-inner-column elementor-element elementor-element-1018db03\" data-id=\"1018db03\" data-element_type=\"column\">\n\t\t\t<div class=\"elementor-widget-wrap elementor-element-populated\">\n\t\t\t\t\t\t<div class=\"elementor-element elementor-element-32a9497a animated-slow elementor-invisible elementor-widget elementor-widget-heading\" data-id=\"32a9497a\" data-element_type=\"widget\" data-settings=\"{&quot;_animation&quot;:&quot;fadeInDown&quot;}\" data-widget_type=\"heading.default\">\n\t\t\t\t<div class=\"elementor-widget-container\">\n\t\t\t<h2 class=\"elementor-heading-title elementor-size-default\">OPTICAL FLUTING TEST<\/h2>\t\t<\/div>\n\t\t\t\t<\/div>\n\t\t\t\t<div class=\"elementor-element elementor-element-2b65b632 animated-slow elementor-invisible elementor-widget elementor-widget-text-editor\" data-id=\"2b65b632\" data-element_type=\"widget\" data-settings=\"{&quot;_animation&quot;:&quot;fadeInUp&quot;}\" data-widget_type=\"text-editor.default\">\n\t\t\t\t<div class=\"elementor-widget-container\">\n\t\t\t\t\t\t\t<p>Certains de ces outils de mesure ont m\u00eame \u00e9t\u00e9 d\u00e9velopp\u00e9s par le d\u00e9partement d\u00e9di\u00e9 \u00e0 la recherche et au d\u00e9veloppement de Balaguer Rolls pour r\u00e9pondre \u00e0 des besoins d\u2019un march\u00e9 exigeant qui \u00e9volue. Notre outil r\u00e9volutionnaire \u201cOptical Fluting Test\u201d qui en plus d\u2019\u00eatre un outil portable et compact, offre une pr\u00e9cision encore jamais vue dans la prise de mesures sans contact gr\u00e2ce \u00e0 son syst\u00e8me de mesure optique.<\/p>\n\t\t\t\t\t\t<\/div>\n\t\t\t\t<\/div>\n\t\t\t\t\t<\/div>\n\t\t<\/div>\n\t\t\t\t\t<\/div>\n\t\t<\/section>\n\t\t\t\t\t<\/div>\n\t\t<\/div>\n\t\t\t\t<div class=\"elementor-column elementor-col-50 elementor-top-column elementor-element elementor-element-49e5ae73\" data-id=\"49e5ae73\" data-element_type=\"column\">\n\t\t\t<div class=\"elementor-widget-wrap elementor-element-populated\">\n\t\t\t\t\t\t<div class=\"elementor-element elementor-element-47dc634 elementor-widget elementor-widget-video\" data-id=\"47dc634\" data-element_type=\"widget\" data-settings=\"{&quot;youtube_url&quot;:&quot;https:\\\/\\\/www.youtube.com\\\/watch?v=vA-4ijaEUdo&quot;,&quot;autoplay&quot;:&quot;yes&quot;,&quot;play_on_mobile&quot;:&quot;yes&quot;,&quot;mute&quot;:&quot;yes&quot;,&quot;loop&quot;:&quot;yes&quot;,&quot;video_type&quot;:&quot;youtube&quot;}\" data-widget_type=\"video.default\">\n\t\t\t\t<div class=\"elementor-widget-container\">\n\t\t\t\t\t<div class=\"elementor-wrapper elementor-open-inline\">\n\t\t\t<div class=\"elementor-video\"><\/div>\t\t<\/div>\n\t\t\t\t<\/div>\n\t\t\t\t<\/div>\n\t\t\t\t\t<\/div>\n\t\t<\/div>\n\t\t\t\t\t<\/div>\n\t\t<\/section>\n\t\t\t\t<\/div>\n\t\t","protected":false},"excerpt":{"rendered":"<p>innovation et qualit\u00e9 Chez Balaguer Rolls, nous fabriquons des cylindres soumis \u00e0 de grands contr\u00f4les de qualit\u00e9 \u00e0 chaque \u00e9tape du processus de production pour qu\u2019ils soient conformes aux attentes de nos clients. Pour cela nous soignons la duret\u00e9, la zone tremp\u00e9e ou encore la pr\u00e9sentation et protection de ces derniers. Pour obtenir ces cylindres [&hellip;]<\/p>\n","protected":false},"author":1,"featured_media":0,"parent":0,"menu_order":0,"comment_status":"closed","ping_status":"closed","template":"","meta":{"rank_math_lock_modified_date":false,"_monsterinsights_skip_tracking":false,"_monsterinsights_sitenote_active":false,"_monsterinsights_sitenote_note":"","_monsterinsights_sitenote_category":0,"footnotes":""},"class_list":["post-3073","page","type-page","status-publish","hentry"],"_links":{"self":[{"href":"https:\/\/www.balaguer-rolls.com\/fr\/wp-json\/wp\/v2\/pages\/3073"}],"collection":[{"href":"https:\/\/www.balaguer-rolls.com\/fr\/wp-json\/wp\/v2\/pages"}],"about":[{"href":"https:\/\/www.balaguer-rolls.com\/fr\/wp-json\/wp\/v2\/types\/page"}],"author":[{"embeddable":true,"href":"https:\/\/www.balaguer-rolls.com\/fr\/wp-json\/wp\/v2\/users\/1"}],"replies":[{"embeddable":true,"href":"https:\/\/www.balaguer-rolls.com\/fr\/wp-json\/wp\/v2\/comments?post=3073"}],"version-history":[{"count":11,"href":"https:\/\/www.balaguer-rolls.com\/fr\/wp-json\/wp\/v2\/pages\/3073\/revisions"}],"predecessor-version":[{"id":4701,"href":"https:\/\/www.balaguer-rolls.com\/fr\/wp-json\/wp\/v2\/pages\/3073\/revisions\/4701"}],"wp:attachment":[{"href":"https:\/\/www.balaguer-rolls.com\/fr\/wp-json\/wp\/v2\/media?parent=3073"}],"curies":[{"name":"wp","href":"https:\/\/api.w.org\/{rel}","templated":true}]}}