{"id":3088,"date":"2023-01-05T15:02:37","date_gmt":"2023-01-05T15:02:37","guid":{"rendered":"https:\/\/balaguer.realizando.es\/sableuse\/"},"modified":"2023-12-12T09:35:31","modified_gmt":"2023-12-12T09:35:31","slug":"la-sableuse-de-balaguer-rolls","status":"publish","type":"page","link":"https:\/\/www.balaguer-rolls.com\/fr\/la-sableuse-de-balaguer-rolls\/","title":{"rendered":"Sableuse"},"content":{"rendered":"\t\t<div data-elementor-type=\"wp-page\" data-elementor-id=\"3088\" class=\"elementor elementor-3088 elementor-2151\" data-elementor-post-type=\"page\">\n\t\t\t\t\t\t<section class=\"elementor-section elementor-top-section elementor-element elementor-element-2fe5d8cc elementor-section-full_width elementor-section-content-middle elementor-section-height-min-height elementor-section-items-stretch elementor-section-height-default\" data-id=\"2fe5d8cc\" data-element_type=\"section\" data-settings=\"{&quot;background_background&quot;:&quot;video&quot;,&quot;background_video_link&quot;:&quot;https:\\\/\\\/www.balaguer-rolls.com\\\/wp-content\\\/uploads\\\/2023\\\/01\\\/maquina-mateadora-balaguer-rolls-video.mp4&quot;,&quot;background_video_start&quot;:10,&quot;background_video_end&quot;:70,&quot;background_play_on_mobile&quot;:&quot;yes&quot;}\">\n\t\t\t\t\t\t\t\t<div class=\"elementor-background-video-container\">\n\t\t\t\t\t\t\t\t\t\t\t\t\t<video class=\"elementor-background-video-hosted elementor-html5-video\" autoplay muted playsinline loop><\/video>\n\t\t\t\t\t\t\t\t\t\t\t<\/div>\n\t\t\t\t\t\t\t\t<div class=\"elementor-container elementor-column-gap-no\">\n\t\t\t\t\t<div class=\"elementor-column elementor-col-50 elementor-top-column elementor-element elementor-element-5cdf585f\" data-id=\"5cdf585f\" data-element_type=\"column\" data-settings=\"{&quot;background_background&quot;:&quot;classic&quot;}\">\n\t\t\t<div class=\"elementor-widget-wrap\">\n\t\t\t\t\t\t\t<\/div>\n\t\t<\/div>\n\t\t\t\t<div class=\"elementor-column elementor-col-50 elementor-top-column elementor-element elementor-element-3b7d92fd\" data-id=\"3b7d92fd\" data-element_type=\"column\" data-settings=\"{&quot;background_background&quot;:&quot;classic&quot;}\">\n\t\t\t<div class=\"elementor-widget-wrap elementor-element-populated\">\n\t\t\t\t\t\t<div class=\"elementor-element elementor-element-3771a6bd animated-slow elementor-invisible elementor-widget elementor-widget-heading\" data-id=\"3771a6bd\" data-element_type=\"widget\" data-settings=\"{&quot;_animation&quot;:&quot;fadeInDown&quot;}\" data-widget_type=\"heading.default\">\n\t\t\t\t<div class=\"elementor-widget-container\">\n\t\t\t<h1 class=\"elementor-heading-title elementor-size-default\">BR-SM19<\/h1>\t\t<\/div>\n\t\t\t\t<\/div>\n\t\t\t\t<div class=\"elementor-element elementor-element-2bedba0f animated-slow elementor-invisible elementor-widget elementor-widget-heading\" data-id=\"2bedba0f\" data-element_type=\"widget\" data-settings=\"{&quot;_animation&quot;:&quot;fadeInUp&quot;}\" data-widget_type=\"heading.default\">\n\t\t\t\t<div class=\"elementor-widget-container\">\n\t\t\t<h2 class=\"elementor-heading-title elementor-size-default\">MACHINE \u00c0 SABLER<\/h2>\t\t<\/div>\n\t\t\t\t<\/div>\n\t\t\t\t<div class=\"elementor-element elementor-element-495307a9 animated-slow elementor-invisible elementor-widget elementor-widget-text-editor\" data-id=\"495307a9\" data-element_type=\"widget\" data-settings=\"{&quot;_animation&quot;:&quot;fadeInUp&quot;}\" data-widget_type=\"text-editor.default\">\n\t\t\t\t<div class=\"elementor-widget-container\">\n\t\t\t\t\t\t\t<p>La sableuse BR-SM19 ach\u00e8ve un proc\u00e8s de sablage plus vite, en obtenant une meilleure qualit\u00e9 de ceci tandis qu\u2019elle r\u00e9duit la consommation d\u2019\u00e9nergie au minimum. La machine de Balaguer Rolls introduit des avances significatives dans la technologie de sablage, tels que la double bouche ou le filtre cyclonique pour s\u00e9parer des fins.<\/p>\n<p>Le D\u00e9partement de R&amp;D de Balaguer Rolls offre la technologie leader utilis\u00e9e par l\u2019entreprise afin d\u2019obtenir les meilleurs cylindres sabl\u00e9s pour l\u2019extraction de farine.<\/p>\n\t\t\t\t\t\t<\/div>\n\t\t\t\t<\/div>\n\t\t\t\t\t<\/div>\n\t\t<\/div>\n\t\t\t\t\t<\/div>\n\t\t<\/section>\n\t\t\t\t<section class=\"elementor-section elementor-top-section elementor-element elementor-element-5184ee6a elementor-section-boxed elementor-section-height-default elementor-section-height-default\" data-id=\"5184ee6a\" data-element_type=\"section\">\n\t\t\t\t\t\t<div class=\"elementor-container elementor-column-gap-default\">\n\t\t\t\t\t<div class=\"elementor-column elementor-col-100 elementor-top-column elementor-element elementor-element-7f8ac39c\" data-id=\"7f8ac39c\" data-element_type=\"column\">\n\t\t\t<div class=\"elementor-widget-wrap elementor-element-populated\">\n\t\t\t\t\t\t<div class=\"elementor-element elementor-element-768bbfc1 animated-slow elementor-invisible elementor-widget elementor-widget-image\" data-id=\"768bbfc1\" data-element_type=\"widget\" data-settings=\"{&quot;_animation&quot;:&quot;fadeInUp&quot;}\" data-widget_type=\"image.default\">\n\t\t\t\t<div class=\"elementor-widget-container\">\n\t\t\t\t\t\t\t\t\t\t\t\t\t<img fetchpriority=\"high\" decoding=\"async\" width=\"400\" height=\"400\" src=\"https:\/\/www.balaguer-rolls.com\/wp-content\/uploads\/2023\/01\/lettering-sandblasting.webp\" class=\"attachment-full size-full wp-image-2450\" alt=\"Mateadora - Balaguer Rolls\" srcset=\"https:\/\/www.balaguer-rolls.com\/wp-content\/uploads\/2023\/01\/lettering-sandblasting.webp 400w, https:\/\/www.balaguer-rolls.com\/wp-content\/uploads\/2023\/01\/lettering-sandblasting-300x300.webp 300w, https:\/\/www.balaguer-rolls.com\/wp-content\/uploads\/2023\/01\/lettering-sandblasting-150x150.webp 150w\" sizes=\"(max-width: 400px) 100vw, 400px\" \/>\t\t\t\t\t\t\t\t\t\t\t\t\t<\/div>\n\t\t\t\t<\/div>\n\t\t\t\t\t<\/div>\n\t\t<\/div>\n\t\t\t\t\t<\/div>\n\t\t<\/section>\n\t\t\t\t<section class=\"elementor-section elementor-top-section elementor-element elementor-element-26554e67 elementor-section-boxed elementor-section-height-default elementor-section-height-default\" data-id=\"26554e67\" data-element_type=\"section\">\n\t\t\t\t\t\t<div class=\"elementor-container elementor-column-gap-default\">\n\t\t\t\t\t<div class=\"elementor-column elementor-col-50 elementor-top-column elementor-element elementor-element-65d05a2d\" data-id=\"65d05a2d\" data-element_type=\"column\">\n\t\t\t<div class=\"elementor-widget-wrap elementor-element-populated\">\n\t\t\t\t\t\t<div class=\"elementor-element elementor-element-8f41ccc animated-slow elementor-invisible elementor-widget elementor-widget-heading\" data-id=\"8f41ccc\" data-element_type=\"widget\" data-settings=\"{&quot;_animation&quot;:&quot;fadeInUp&quot;,&quot;_animation_delay&quot;:100}\" data-widget_type=\"heading.default\">\n\t\t\t\t<div class=\"elementor-widget-container\">\n\t\t\t<h2 class=\"elementor-heading-title elementor-size-default\">Double capacit\u00e9 de<\/h2>\t\t<\/div>\n\t\t\t\t<\/div>\n\t\t\t\t<div class=\"elementor-element elementor-element-1efe0ce5 animated-slow elementor-invisible elementor-widget elementor-widget-heading\" data-id=\"1efe0ce5\" data-element_type=\"widget\" data-settings=\"{&quot;_animation&quot;:&quot;fadeInUp&quot;,&quot;_animation_delay&quot;:100}\" data-widget_type=\"heading.default\">\n\t\t\t\t<div class=\"elementor-widget-container\">\n\t\t\t<h2 class=\"elementor-heading-title elementor-size-default\">Service de sablage<\/h2>\t\t<\/div>\n\t\t\t\t<\/div>\n\t\t\t\t<section class=\"elementor-section elementor-inner-section elementor-element elementor-element-53a3f5e1 animated-slow elementor-section-height-min-height elementor-section-boxed elementor-section-height-default elementor-invisible\" data-id=\"53a3f5e1\" data-element_type=\"section\" data-settings=\"{&quot;animation&quot;:&quot;fadeInUp&quot;,&quot;animation_delay&quot;:400}\">\n\t\t\t\t\t\t<div class=\"elementor-container elementor-column-gap-default\">\n\t\t\t\t\t<div class=\"elementor-column elementor-col-100 elementor-inner-column elementor-element elementor-element-5ab9a10b\" data-id=\"5ab9a10b\" data-element_type=\"column\">\n\t\t\t<div class=\"elementor-widget-wrap elementor-element-populated\">\n\t\t\t\t\t\t<div class=\"elementor-element elementor-element-77d82668 elementor-position-left elementor-vertical-align-top elementor-widget elementor-widget-image-box\" data-id=\"77d82668\" data-element_type=\"widget\" data-widget_type=\"image-box.default\">\n\t\t\t\t<div class=\"elementor-widget-container\">\n\t\t\t<div class=\"elementor-image-box-wrapper\"><figure class=\"elementor-image-box-img\"><img decoding=\"async\" width=\"210\" height=\"211\" src=\"https:\/\/www.balaguer-rolls.com\/wp-content\/uploads\/2023\/01\/Iconos-Sandblasting-01.webp\" class=\"attachment-full size-full wp-image-2452\" alt=\"Doble pistola mateadora\" srcset=\"https:\/\/www.balaguer-rolls.com\/wp-content\/uploads\/2023\/01\/Iconos-Sandblasting-01.webp 210w, https:\/\/www.balaguer-rolls.com\/wp-content\/uploads\/2023\/01\/Iconos-Sandblasting-01-150x150.webp 150w\" sizes=\"(max-width: 210px) 100vw, 210px\" \/><\/figure><div class=\"elementor-image-box-content\"><p class=\"elementor-image-box-description\">Double bouche sableuse pour un proc\u00e8s de sablage plus vite et propre.<\/p><\/div><\/div>\t\t<\/div>\n\t\t\t\t<\/div>\n\t\t\t\t\t<\/div>\n\t\t<\/div>\n\t\t\t\t\t<\/div>\n\t\t<\/section>\n\t\t\t\t<section class=\"elementor-section elementor-inner-section elementor-element elementor-element-67473696 animated-slow elementor-section-height-min-height elementor-section-boxed elementor-section-height-default elementor-invisible\" data-id=\"67473696\" data-element_type=\"section\" data-settings=\"{&quot;animation&quot;:&quot;fadeInUp&quot;,&quot;animation_delay&quot;:400}\">\n\t\t\t\t\t\t<div class=\"elementor-container elementor-column-gap-default\">\n\t\t\t\t\t<div class=\"elementor-column elementor-col-100 elementor-inner-column elementor-element elementor-element-51dd9ace\" data-id=\"51dd9ace\" data-element_type=\"column\">\n\t\t\t<div class=\"elementor-widget-wrap elementor-element-populated\">\n\t\t\t\t\t\t<div class=\"elementor-element elementor-element-26af4fa9 elementor-position-left elementor-vertical-align-top elementor-widget elementor-widget-image-box\" data-id=\"26af4fa9\" data-element_type=\"widget\" data-widget_type=\"image-box.default\">\n\t\t\t\t<div class=\"elementor-widget-container\">\n\t\t\t<div class=\"elementor-image-box-wrapper\"><figure class=\"elementor-image-box-img\"><img decoding=\"async\" width=\"202\" height=\"201\" src=\"https:\/\/www.balaguer-rolls.com\/wp-content\/uploads\/2023\/01\/Iconos-Sandblasting-02.webp\" class=\"attachment-full size-full wp-image-2453\" alt=\"\" srcset=\"https:\/\/www.balaguer-rolls.com\/wp-content\/uploads\/2023\/01\/Iconos-Sandblasting-02.webp 202w, https:\/\/www.balaguer-rolls.com\/wp-content\/uploads\/2023\/01\/Iconos-Sandblasting-02-150x150.webp 150w\" sizes=\"(max-width: 202px) 100vw, 202px\" \/><\/figure><div class=\"elementor-image-box-content\"><p class=\"elementor-image-box-description\">La machine BR-SM19 r\u00e9duit au minimum la consommation d\u2019air gr\u00e2ce \u00e0 la double bouche.<\/p><\/div><\/div>\t\t<\/div>\n\t\t\t\t<\/div>\n\t\t\t\t\t<\/div>\n\t\t<\/div>\n\t\t\t\t\t<\/div>\n\t\t<\/section>\n\t\t\t\t<section class=\"elementor-section elementor-inner-section elementor-element elementor-element-158148fe animated-slow elementor-section-height-min-height elementor-section-boxed elementor-section-height-default elementor-invisible\" data-id=\"158148fe\" data-element_type=\"section\" data-settings=\"{&quot;animation&quot;:&quot;fadeInUp&quot;,&quot;animation_delay&quot;:400}\">\n\t\t\t\t\t\t<div class=\"elementor-container elementor-column-gap-default\">\n\t\t\t\t\t<div class=\"elementor-column elementor-col-100 elementor-inner-column elementor-element elementor-element-2ee31a93\" data-id=\"2ee31a93\" data-element_type=\"column\">\n\t\t\t<div class=\"elementor-widget-wrap elementor-element-populated\">\n\t\t\t\t\t\t<div class=\"elementor-element elementor-element-8fff3c7 elementor-position-left elementor-vertical-align-top elementor-widget elementor-widget-image-box\" data-id=\"8fff3c7\" data-element_type=\"widget\" data-widget_type=\"image-box.default\">\n\t\t\t\t<div class=\"elementor-widget-container\">\n\t\t\t<div class=\"elementor-image-box-wrapper\"><figure class=\"elementor-image-box-img\"><img loading=\"lazy\" decoding=\"async\" width=\"216\" height=\"215\" src=\"https:\/\/www.balaguer-rolls.com\/wp-content\/uploads\/2023\/01\/Iconos-Sandblasting-03.webp\" class=\"attachment-full size-full wp-image-2454\" alt=\"Producci\u00f3n a medida\" srcset=\"https:\/\/www.balaguer-rolls.com\/wp-content\/uploads\/2023\/01\/Iconos-Sandblasting-03.webp 216w, https:\/\/www.balaguer-rolls.com\/wp-content\/uploads\/2023\/01\/Iconos-Sandblasting-03-150x150.webp 150w\" sizes=\"(max-width: 216px) 100vw, 216px\" \/><\/figure><div class=\"elementor-image-box-content\"><p class=\"elementor-image-box-description\">Production sur mesure selon les besoins du client.<br>\n(en rangs d\u00e8s \u00d8200 jusqu\u2019\u00e0 \u00d8300mm et des longitudes variables entre 100 et 1500mm, poids maxime de 2.00kgs)<\/p><\/div><\/div>\t\t<\/div>\n\t\t\t\t<\/div>\n\t\t\t\t\t<\/div>\n\t\t<\/div>\n\t\t\t\t\t<\/div>\n\t\t<\/section>\n\t\t\t\t<section class=\"elementor-section elementor-inner-section elementor-element elementor-element-42772f5b animated-slow elementor-section-height-min-height elementor-section-boxed elementor-section-height-default elementor-invisible\" data-id=\"42772f5b\" data-element_type=\"section\" data-settings=\"{&quot;animation&quot;:&quot;fadeInUp&quot;,&quot;animation_delay&quot;:400}\">\n\t\t\t\t\t\t<div class=\"elementor-container elementor-column-gap-default\">\n\t\t\t\t\t<div class=\"elementor-column elementor-col-100 elementor-inner-column elementor-element elementor-element-7c1f4e24\" data-id=\"7c1f4e24\" data-element_type=\"column\">\n\t\t\t<div class=\"elementor-widget-wrap elementor-element-populated\">\n\t\t\t\t\t\t<div class=\"elementor-element elementor-element-6784dd1c elementor-position-left elementor-vertical-align-top elementor-widget elementor-widget-image-box\" data-id=\"6784dd1c\" data-element_type=\"widget\" data-widget_type=\"image-box.default\">\n\t\t\t\t<div class=\"elementor-widget-container\">\n\t\t\t<div class=\"elementor-image-box-wrapper\"><figure class=\"elementor-image-box-img\"><img loading=\"lazy\" decoding=\"async\" width=\"210\" height=\"210\" src=\"https:\/\/www.balaguer-rolls.com\/wp-content\/uploads\/2023\/01\/Iconos-Sandblasting-04.webp\" class=\"attachment-full size-full wp-image-2455\" alt=\"Control PLC completamente autom\u00e1tico\" srcset=\"https:\/\/www.balaguer-rolls.com\/wp-content\/uploads\/2023\/01\/Iconos-Sandblasting-04.webp 210w, https:\/\/www.balaguer-rolls.com\/wp-content\/uploads\/2023\/01\/Iconos-Sandblasting-04-150x150.webp 150w\" sizes=\"(max-width: 210px) 100vw, 210px\" \/><\/figure><div class=\"elementor-image-box-content\"><p class=\"elementor-image-box-description\">Contr\u00f4le PLC compl\u00e8tement automatique et proc\u00e8s de changement et gestion du cylindre intuitif \u00e0 travers un \u00e9cran tactile couleur.<\/p><\/div><\/div>\t\t<\/div>\n\t\t\t\t<\/div>\n\t\t\t\t\t<\/div>\n\t\t<\/div>\n\t\t\t\t\t<\/div>\n\t\t<\/section>\n\t\t\t\t<section class=\"elementor-section elementor-inner-section elementor-element elementor-element-252e10b3 animated-slow elementor-section-height-min-height elementor-section-boxed elementor-section-height-default elementor-invisible\" data-id=\"252e10b3\" data-element_type=\"section\" data-settings=\"{&quot;animation&quot;:&quot;fadeInUp&quot;,&quot;animation_delay&quot;:400}\">\n\t\t\t\t\t\t<div class=\"elementor-container elementor-column-gap-default\">\n\t\t\t\t\t<div class=\"elementor-column elementor-col-100 elementor-inner-column elementor-element elementor-element-5f09eba4\" data-id=\"5f09eba4\" data-element_type=\"column\">\n\t\t\t<div class=\"elementor-widget-wrap elementor-element-populated\">\n\t\t\t\t\t\t<div class=\"elementor-element elementor-element-4e23b4fa elementor-position-left elementor-vertical-align-top elementor-widget elementor-widget-image-box\" data-id=\"4e23b4fa\" data-element_type=\"widget\" data-widget_type=\"image-box.default\">\n\t\t\t\t<div class=\"elementor-widget-container\">\n\t\t\t<div class=\"elementor-image-box-wrapper\"><figure class=\"elementor-image-box-img\"><img loading=\"lazy\" decoding=\"async\" width=\"211\" height=\"210\" src=\"https:\/\/www.balaguer-rolls.com\/wp-content\/uploads\/2023\/01\/Iconos-Sandblasting-05.webp\" class=\"attachment-full size-full wp-image-2456\" alt=\"Filtro cicl\u00f3nico para la separaci\u00f3n de finos\" srcset=\"https:\/\/www.balaguer-rolls.com\/wp-content\/uploads\/2023\/01\/Iconos-Sandblasting-05.webp 211w, https:\/\/www.balaguer-rolls.com\/wp-content\/uploads\/2023\/01\/Iconos-Sandblasting-05-150x150.webp 150w\" sizes=\"(max-width: 211px) 100vw, 211px\" \/><\/figure><div class=\"elementor-image-box-content\"><p class=\"elementor-image-box-description\">Filtre cyclonique pour s\u00e9parer des fins, ce qui garantit une taille du grain uniforme en obtenant un sablage et une rugosit\u00e9 plus homog\u00e8ne.<\/p><\/div><\/div>\t\t<\/div>\n\t\t\t\t<\/div>\n\t\t\t\t\t<\/div>\n\t\t<\/div>\n\t\t\t\t\t<\/div>\n\t\t<\/section>\n\t\t\t\t\t<\/div>\n\t\t<\/div>\n\t\t\t\t<div class=\"elementor-column elementor-col-50 elementor-top-column elementor-element elementor-element-8c10ff0\" data-id=\"8c10ff0\" data-element_type=\"column\">\n\t\t\t<div class=\"elementor-widget-wrap elementor-element-populated\">\n\t\t\t\t\t\t<div class=\"elementor-element elementor-element-5b46c4fb animated-slow elementor-invisible elementor-widget elementor-widget-image\" data-id=\"5b46c4fb\" data-element_type=\"widget\" data-settings=\"{&quot;_animation&quot;:&quot;fadeIn&quot;}\" data-widget_type=\"image.default\">\n\t\t\t\t<div class=\"elementor-widget-container\">\n\t\t\t\t\t\t\t\t\t\t\t\t\t<img loading=\"lazy\" decoding=\"async\" width=\"500\" height=\"550\" src=\"https:\/\/www.balaguer-rolls.com\/wp-content\/uploads\/2023\/01\/sandblasting-composition.webp\" class=\"attachment-full size-full wp-image-2451\" alt=\"\" srcset=\"https:\/\/www.balaguer-rolls.com\/wp-content\/uploads\/2023\/01\/sandblasting-composition.webp 500w, https:\/\/www.balaguer-rolls.com\/wp-content\/uploads\/2023\/01\/sandblasting-composition-273x300.webp 273w\" sizes=\"(max-width: 500px) 100vw, 500px\" \/>\t\t\t\t\t\t\t\t\t\t\t\t\t<\/div>\n\t\t\t\t<\/div>\n\t\t\t\t\t<\/div>\n\t\t<\/div>\n\t\t\t\t\t<\/div>\n\t\t<\/section>\n\t\t\t\t<section class=\"elementor-section elementor-top-section elementor-element elementor-element-a1d3376 elementor-section-boxed elementor-section-height-default elementor-section-height-default\" data-id=\"a1d3376\" data-element_type=\"section\" data-settings=\"{&quot;background_background&quot;:&quot;classic&quot;}\">\n\t\t\t\t\t\t<div class=\"elementor-container elementor-column-gap-default\">\n\t\t\t\t\t<div class=\"elementor-column elementor-col-100 elementor-top-column elementor-element elementor-element-f9ef1cf\" data-id=\"f9ef1cf\" data-element_type=\"column\">\n\t\t\t<div class=\"elementor-widget-wrap elementor-element-populated\">\n\t\t\t\t\t\t<div class=\"elementor-element elementor-element-5147dc71 elementor-widget elementor-widget-heading\" data-id=\"5147dc71\" data-element_type=\"widget\" data-widget_type=\"heading.default\">\n\t\t\t\t<div class=\"elementor-widget-container\">\n\t\t\t<h3 class=\"elementor-heading-title elementor-size-default\">T\u00e9l\u00e9chargez catalogue BR-SM19<\/h3>\t\t<\/div>\n\t\t\t\t<\/div>\n\t\t\t\t<div class=\"elementor-element elementor-element-7198fae8 elementor-view-default elementor-widget elementor-widget-icon\" data-id=\"7198fae8\" data-element_type=\"widget\" data-widget_type=\"icon.default\">\n\t\t\t\t<div class=\"elementor-widget-container\">\n\t\t\t\t\t<div class=\"elementor-icon-wrapper\">\n\t\t\t<a class=\"elementor-icon\" href=\"#elementor-action%3Aaction%3Dpopup%3Aopen%26settings%3DeyJpZCI6NjE1MSwidG9nZ2xlIjpmYWxzZX0%3D\">\n\t\t\t<i aria-hidden=\"true\" class=\"far fa-file-pdf\"><\/i>\t\t\t<\/a>\n\t\t<\/div>\n\t\t\t\t<\/div>\n\t\t\t\t<\/div>\n\t\t\t\t<div class=\"elementor-element elementor-element-1675a062 elementor-align-center elementor-widget elementor-widget-button\" data-id=\"1675a062\" data-element_type=\"widget\" data-widget_type=\"button.default\">\n\t\t\t\t<div class=\"elementor-widget-container\">\n\t\t\t\t\t<div class=\"elementor-button-wrapper\">\n\t\t\t<a class=\"elementor-button elementor-button-link elementor-size-md\" href=\"#elementor-action%3Aaction%3Dpopup%3Aopen%26settings%3DeyJpZCI6NjE1MSwidG9nZ2xlIjpmYWxzZX0%3D\" target=\"_blank\">\n\t\t\t\t\t\t<span class=\"elementor-button-content-wrapper\">\n\t\t\t\t\t\t\t\t\t<span class=\"elementor-button-text\">T\u00e9l\u00e9chargez<\/span>\n\t\t\t\t\t<\/span>\n\t\t\t\t\t<\/a>\n\t\t<\/div>\n\t\t\t\t<\/div>\n\t\t\t\t<\/div>\n\t\t\t\t\t<\/div>\n\t\t<\/div>\n\t\t\t\t\t<\/div>\n\t\t<\/section>\n\t\t\t\t<section class=\"elementor-section elementor-top-section elementor-element elementor-element-374af068 elementor-section-boxed elementor-section-height-default elementor-section-height-default\" data-id=\"374af068\" data-element_type=\"section\">\n\t\t\t\t\t\t<div class=\"elementor-container elementor-column-gap-default\">\n\t\t\t\t\t<div class=\"elementor-column elementor-col-100 elementor-top-column elementor-element elementor-element-4216780c\" data-id=\"4216780c\" data-element_type=\"column\">\n\t\t\t<div class=\"elementor-widget-wrap elementor-element-populated\">\n\t\t\t\t\t\t<div class=\"elementor-element elementor-element-701f557a animated-slow elementor-invisible elementor-widget elementor-widget-heading\" data-id=\"701f557a\" data-element_type=\"widget\" data-settings=\"{&quot;_animation&quot;:&quot;fadeInUp&quot;}\" data-widget_type=\"heading.default\">\n\t\t\t\t<div class=\"elementor-widget-container\">\n\t\t\t<h3 class=\"elementor-heading-title elementor-size-default\">Galerie<\/h3>\t\t<\/div>\n\t\t\t\t<\/div>\n\t\t\t\t<div class=\"elementor-element elementor-element-30077f6d elementor-skin-carousel elementor-arrows-yes elementor-pagination-type-bullets elementor-pagination-position-outside elementor-widget elementor-widget-media-carousel\" data-id=\"30077f6d\" data-element_type=\"widget\" data-settings=\"{&quot;slides_per_view&quot;:&quot;3&quot;,&quot;slides_to_scroll&quot;:&quot;1&quot;,&quot;lazyload&quot;:&quot;yes&quot;,&quot;skin&quot;:&quot;carousel&quot;,&quot;effect&quot;:&quot;slide&quot;,&quot;show_arrows&quot;:&quot;yes&quot;,&quot;pagination&quot;:&quot;bullets&quot;,&quot;speed&quot;:500,&quot;loop&quot;:&quot;yes&quot;,&quot;space_between&quot;:{&quot;unit&quot;:&quot;px&quot;,&quot;size&quot;:10,&quot;sizes&quot;:[]},&quot;space_between_tablet&quot;:{&quot;unit&quot;:&quot;px&quot;,&quot;size&quot;:10,&quot;sizes&quot;:[]},&quot;space_between_mobile&quot;:{&quot;unit&quot;:&quot;px&quot;,&quot;size&quot;:10,&quot;sizes&quot;:[]}}\" data-widget_type=\"media-carousel.default\">\n\t\t\t\t<div class=\"elementor-widget-container\">\n\t\t\t\t\t<div class=\"elementor-swiper\">\n\t\t\t<div class=\"elementor-main-swiper swiper\">\n\t\t\t\t<div class=\"swiper-wrapper\">\n\t\t\t\t\t\t\t\t\t\t\t<div class=\"swiper-slide\">\n\t\t\t\t\t\t\t\t\t<div class=\"elementor-carousel-image swiper-lazy\" role=\"img\" aria-label=\"gallery-sandblasting-2\" data-background=\"https:\/\/www.balaguer-rolls.com\/wp-content\/uploads\/2023\/01\/gallery-sandblasting-2.webp\">\n\n\t\t\t\t\t\t\t<div class=\"swiper-lazy-preloader\"><\/div>\n\t\t\t\n\t\t\t\t\t<\/div>\n\t\t\t\t\t\t\t\t<\/div>\n\t\t\t\t\t\t\t\t\t\t\t<div class=\"swiper-slide\">\n\t\t\t\t\t\t\t\t\t<div class=\"elementor-carousel-image swiper-lazy\" role=\"img\" aria-label=\"BR-SM19 M\u00c1QUINA MATEADORA\" data-background=\"https:\/\/www.balaguer-rolls.com\/wp-content\/uploads\/2023\/01\/gallery-sandblasting-1.webp\">\n\n\t\t\t\t\t\t\t<div class=\"swiper-lazy-preloader\"><\/div>\n\t\t\t\n\t\t\t\t\t<\/div>\n\t\t\t\t\t\t\t\t<\/div>\n\t\t\t\t\t\t\t\t\t\t\t<div class=\"swiper-slide\">\n\t\t\t\t\t\t\t\t\t<div class=\"elementor-carousel-image swiper-lazy\" role=\"img\" aria-label=\"gallery-sandblasting-3\" data-background=\"https:\/\/www.balaguer-rolls.com\/wp-content\/uploads\/2023\/01\/gallery-sandblasting-3.webp\">\n\n\t\t\t\t\t\t\t<div class=\"swiper-lazy-preloader\"><\/div>\n\t\t\t\n\t\t\t\t\t<\/div>\n\t\t\t\t\t\t\t\t<\/div>\n\t\t\t\t\t\t\t\t\t\t\t<div class=\"swiper-slide\">\n\t\t\t\t\t\t\t\t\t<div class=\"elementor-carousel-image swiper-lazy\" role=\"img\" aria-label=\"BR-SM19 M\u00c1QUINA MATEADORA\" data-background=\"https:\/\/www.balaguer-rolls.com\/wp-content\/uploads\/2023\/01\/gallery-sandblasting-4.webp\">\n\n\t\t\t\t\t\t\t<div class=\"swiper-lazy-preloader\"><\/div>\n\t\t\t\n\t\t\t\t\t<\/div>\n\t\t\t\t\t\t\t\t<\/div>\n\t\t\t\t\t\t\t\t\t<\/div>\n\t\t\t\t\t\t\t\t\t\t\t\t\t\t\t<div class=\"swiper-pagination\"><\/div>\n\t\t\t\t\t\t\t\t\t\t\t\t\t\t\t\t<div class=\"elementor-swiper-button elementor-swiper-button-prev\" role=\"button\" tabindex=\"0\">\n\t\t\t\t\t\t\t<i aria-hidden=\"true\" class=\"eicon-chevron-left\"><\/i>\t\t\t\t\t\t\t<span class=\"elementor-screen-only\">Pr\u00e9c\u00e9dent<\/span>\n\t\t\t\t\t\t<\/div>\n\t\t\t\t\t\t<div class=\"elementor-swiper-button elementor-swiper-button-next\" role=\"button\" tabindex=\"0\">\n\t\t\t\t\t\t\t<i aria-hidden=\"true\" class=\"eicon-chevron-right\"><\/i>\t\t\t\t\t\t\t<span class=\"elementor-screen-only\">Suivant<\/span>\n\t\t\t\t\t\t<\/div>\n\t\t\t\t\t\t\t\t\t\t\t\t<\/div>\n\t\t<\/div>\n\t\t\t\t<\/div>\n\t\t\t\t<\/div>\n\t\t\t\t\t<\/div>\n\t\t<\/div>\n\t\t\t\t\t<\/div>\n\t\t<\/section>\n\t\t\t\t<\/div>\n\t\t","protected":false},"excerpt":{"rendered":"<p>BR-SM19 MACHINE \u00c0 SABLER La sableuse BR-SM19 ach\u00e8ve un proc\u00e8s de sablage plus vite, en obtenant une meilleure qualit\u00e9 de ceci tandis qu\u2019elle r\u00e9duit la consommation d\u2019\u00e9nergie au minimum. La machine de Balaguer Rolls introduit des avances significatives dans la technologie de sablage, tels que la double bouche ou le filtre cyclonique pour s\u00e9parer des [&hellip;]<\/p>\n","protected":false},"author":1,"featured_media":0,"parent":0,"menu_order":0,"comment_status":"closed","ping_status":"closed","template":"","meta":{"rank_math_lock_modified_date":false,"_monsterinsights_skip_tracking":false,"_monsterinsights_sitenote_active":false,"_monsterinsights_sitenote_note":"","_monsterinsights_sitenote_category":0,"footnotes":""},"class_list":["post-3088","page","type-page","status-publish","hentry"],"_links":{"self":[{"href":"https:\/\/www.balaguer-rolls.com\/fr\/wp-json\/wp\/v2\/pages\/3088"}],"collection":[{"href":"https:\/\/www.balaguer-rolls.com\/fr\/wp-json\/wp\/v2\/pages"}],"about":[{"href":"https:\/\/www.balaguer-rolls.com\/fr\/wp-json\/wp\/v2\/types\/page"}],"author":[{"embeddable":true,"href":"https:\/\/www.balaguer-rolls.com\/fr\/wp-json\/wp\/v2\/users\/1"}],"replies":[{"embeddable":true,"href":"https:\/\/www.balaguer-rolls.com\/fr\/wp-json\/wp\/v2\/comments?post=3088"}],"version-history":[{"count":21,"href":"https:\/\/www.balaguer-rolls.com\/fr\/wp-json\/wp\/v2\/pages\/3088\/revisions"}],"predecessor-version":[{"id":6155,"href":"https:\/\/www.balaguer-rolls.com\/fr\/wp-json\/wp\/v2\/pages\/3088\/revisions\/6155"}],"wp:attachment":[{"href":"https:\/\/www.balaguer-rolls.com\/fr\/wp-json\/wp\/v2\/media?parent=3088"}],"curies":[{"name":"wp","href":"https:\/\/api.w.org\/{rel}","templated":true}]}}